{"id":2212,"date":"2020-11-30T21:46:15","date_gmt":"2020-11-30T20:46:15","guid":{"rendered":"https:\/\/cotest1.eu\/ueber-uns\/"},"modified":"2022-08-01T21:30:40","modified_gmt":"2022-08-01T19:30:40","slug":"ueber-uns","status":"publish","type":"page","link":"https:\/\/lockers.cz\/de\/ueber-uns\/","title":{"rendered":"\u00dcBER UNS"},"content":{"rendered":"[vc_row type=&#8220;full_width_background&#8220; full_screen_row_position=&#8220;middle&#8220; column_margin=&#8220;default&#8220; column_direction=&#8220;default&#8220; column_direction_tablet=&#8220;default&#8220; column_direction_phone=&#8220;default&#8220; scene_position=&#8220;center&#8220; top_padding=&#8220;0%&#8220; bottom_padding=&#8220;2%&#8220; text_color=&#8220;dark&#8220; text_align=&#8220;left&#8220; row_border_radius=&#8220;none&#8220; row_border_radius_applies=&#8220;bg&#8220; overflow=&#8220;visible&#8220; overlay_strength=&#8220;0.3&#8243; gradient_direction=&#8220;left_to_right&#8220; shape_divider_position=&#8220;bottom&#8220; bg_image_animation=&#8220;none&#8220; shape_type=&#8220;&#8220;][vc_column column_padding=&#8220;no-extra-padding&#8220; column_padding_tablet=&#8220;inherit&#8220; column_padding_phone=&#8220;inherit&#8220; column_padding_position=&#8220;all&#8220; column_element_spacing=&#8220;default&#8220; background_color_opacity=&#8220;1&#8243; background_hover_color_opacity=&#8220;1&#8243; column_shadow=&#8220;none&#8220; column_border_radius=&#8220;none&#8220; column_link_target=&#8220;_self&#8220; column_position=&#8220;default&#8220; gradient_direction=&#8220;left_to_right&#8220; overlay_strength=&#8220;0.3&#8243; width=&#8220;2\/3&#8243; tablet_width_inherit=&#8220;default&#8220; tablet_text_alignment=&#8220;default&#8220; phone_text_alignment=&#8220;default&#8220; animation_type=&#8220;default&#8220; bg_image_animation=&#8220;none&#8220; border_type=&#8220;simple&#8220; column_border_width=&#8220;none&#8220; column_border_style=&#8220;solid&#8220;][image_with_animation image_url=&#8220;100&#8243; image_size=&#8220;full&#8220; animation_type=&#8220;entrance&#8220; animation=&#8220;Fade In&#8220; hover_animation=&#8220;none&#8220; alignment=&#8220;&#8220; border_radius=&#8220;none&#8220; box_shadow=&#8220;none&#8220; image_loading=&#8220;default&#8220; max_width=&#8220;100%&#8220; max_width_mobile=&#8220;default&#8220;][\/vc_column][vc_column column_padding=&#8220;no-extra-padding&#8220; column_padding_tablet=&#8220;inherit&#8220; column_padding_phone=&#8220;inherit&#8220; column_padding_position=&#8220;all&#8220; column_element_spacing=&#8220;default&#8220; background_color_opacity=&#8220;1&#8243; background_hover_color_opacity=&#8220;1&#8243; column_shadow=&#8220;none&#8220; column_border_radius=&#8220;none&#8220; column_link_target=&#8220;_self&#8220; column_position=&#8220;default&#8220; gradient_direction=&#8220;left_to_right&#8220; overlay_strength=&#8220;0.3&#8243; width=&#8220;1\/3&#8243; tablet_width_inherit=&#8220;default&#8220; tablet_text_alignment=&#8220;default&#8220; phone_text_alignment=&#8220;default&#8220; animation_type=&#8220;default&#8220; bg_image_animation=&#8220;none&#8220; border_type=&#8220;simple&#8220; column_border_width=&#8220;none&#8220; column_border_style=&#8220;solid&#8220;][vc_custom_heading text=&#8220;\u00dcBER UNS&#8220; font_container=&#8220;tag:h2|text_align:left|color:%23444444&#8243; use_theme_fonts=&#8220;yes&#8220;][vc_column_text]Seit 30 Jahren bauen, fertigen und installieren wir Innenausstattung f\u00fcr verschiedene R\u00e4umlichkeiten, von B\u00fcros bis zu Familienh\u00e4usern, Verkaufsstellen oder Restaurants. Aufgrund unserer langj\u00e4hrigen Erfahrung k\u00f6nnen wir mit gutem Gewissen sagen, dass wir wirklich gut darin sind, untypische Innenr\u00e4ume zu gestalten. Aber wir wollen uns st\u00e4ndig weiterentwickeln und reagieren daher auf die sich \u00e4ndernden Anforderungen der Arbeitswelt.<\/p>\n<p>In den B\u00fcros gibt es immer weniger feste Arbeitspl\u00e4tze und immer mehr flexible Arbeitspl\u00e4tze. Wo k\u00f6nnen Sie also Ihre Sachen aufbewahren, wenn Sie Ihren Arbeitsplatz mit Kollegen teilen? LOCKERS beantworten die Fragen, wohin mit dem Tablet oder Ihrer Lieblingstasse, wenn Sie Ihren Arbeitsplatz mit anderen teilen, oder wohin mit dem Mantel, wenn Sie sich ungest\u00f6rt eine Ausstellung<br \/>\nansehen oder im Einkaufszentrum einkaufen m\u00f6chten.<\/p>\n<p>Wir m\u00f6chten Ihnen unsere Schwestermarke und Produktinnovation LOCKERS vorstellen. Ein funktionelles, intelligentes und elegantes Schlie\u00dffachsystem f\u00fcr B\u00fcros, \u00f6ffentliche Geb\u00e4ude sowie Ihr Zuhause.[\/vc_column_text][\/vc_column][\/vc_row][vc_row type=&#8220;full_width_background&#8220; full_screen_row_position=&#8220;middle&#8220; column_margin=&#8220;default&#8220; column_direction=&#8220;default&#8220; column_direction_tablet=&#8220;default&#8220; column_direction_phone=&#8220;default&#8220; scene_position=&#8220;center&#8220; top_padding=&#8220;0%&#8220; bottom_padding=&#8220;2%&#8220; text_color=&#8220;dark&#8220; text_align=&#8220;left&#8220; row_border_radius=&#8220;none&#8220; row_border_radius_applies=&#8220;bg&#8220; overflow=&#8220;visible&#8220; advanced_gradient_angle=&#8220;0&#8243; overlay_strength=&#8220;0.3&#8243; gradient_direction=&#8220;left_to_right&#8220; shape_divider_position=&#8220;bottom&#8220; bg_image_animation=&#8220;none&#8220; shape_type=&#8220;&#8220; gradient_type=&#8220;default&#8220;][vc_column column_padding=&#8220;no-extra-padding&#8220; column_padding_tablet=&#8220;inherit&#8220; column_padding_phone=&#8220;inherit&#8220; column_padding_position=&#8220;all&#8220; column_element_spacing=&#8220;default&#8220; background_color_opacity=&#8220;1&#8243; background_hover_color_opacity=&#8220;1&#8243; column_shadow=&#8220;none&#8220; column_border_radius=&#8220;none&#8220; column_link_target=&#8220;_self&#8220; column_position=&#8220;default&#8220; gradient_direction=&#8220;left_to_right&#8220; overlay_strength=&#8220;0.3&#8243; width=&#8220;1\/3&#8243; tablet_width_inherit=&#8220;default&#8220; tablet_text_alignment=&#8220;default&#8220; phone_text_alignment=&#8220;default&#8220; animation_type=&#8220;default&#8220; bg_image_animation=&#8220;none&#8220; border_type=&#8220;simple&#8220; column_border_width=&#8220;none&#8220; column_border_style=&#8220;solid&#8220;][vc_custom_heading text=&#8220;DESIGN&#8220; font_container=&#8220;tag:h2|text_align:left|color:%23444444&#8243; use_theme_fonts=&#8220;yes&#8220;][vc_column_text]In Zusammenarbeit mit den Architekten von Studio Perspektiv, die bereits mehr als 100 000 Quadratmeter B\u00fcrofl\u00e4chen realisiert haben, wurde ein zeitloses und vielseitiges Produkt geschaffen. Wir haben dar\u00fcber nachgedacht, wie man Aufbewahrung von Sachen in verschiedenen Geb\u00e4uden elegant l\u00f6sen kann. Wir wollten, dass auch gew\u00f6hnliche Schlie\u00dff\u00e4cher f\u00fcr pers\u00f6nliche Gegenst\u00e4nde im Innenraum einen w\u00fcrdigen Platz finden.<\/p>\n<p>Aus diesem Grund wurden LOCKERS geschaffen. Ein Produkt, das gew\u00f6hnliche Aufbewahrungsl\u00f6sungen in Design-Solit\u00e4re verwandelt.<\/p>\n<p>LOCKERS beantworten die Fragen, wohin mit dem Tablet oder Ihrer Lieblingstasse, wenn Sie Ihren Arbeitsplatz mit anderen teilen, oder wohin mit dem Mantel, wenn Sie sich ungest\u00f6rt eine Ausstellung ansehen m\u00f6chten. LOCKERS machen aus gew\u00f6hnlichen Aufbewahrungsl\u00f6sungen Design-Solit\u00e4re.[\/vc_column_text][\/vc_column][vc_column column_padding=&#8220;no-extra-padding&#8220; column_padding_tablet=&#8220;inherit&#8220; column_padding_phone=&#8220;inherit&#8220; column_padding_position=&#8220;all&#8220; column_element_spacing=&#8220;default&#8220; background_color_opacity=&#8220;1&#8243; background_hover_color_opacity=&#8220;1&#8243; column_shadow=&#8220;none&#8220; column_border_radius=&#8220;none&#8220; column_link_target=&#8220;_self&#8220; column_position=&#8220;default&#8220; gradient_direction=&#8220;left_to_right&#8220; overlay_strength=&#8220;0.3&#8243; width=&#8220;2\/3&#8243; tablet_width_inherit=&#8220;default&#8220; tablet_text_alignment=&#8220;default&#8220; phone_text_alignment=&#8220;default&#8220; animation_type=&#8220;default&#8220; bg_image_animation=&#8220;none&#8220; border_type=&#8220;simple&#8220; column_border_width=&#8220;none&#8220; column_border_style=&#8220;solid&#8220;][image_with_animation image_url=&#8220;780&#8243; image_size=&#8220;full&#8220; animation_type=&#8220;entrance&#8220; animation=&#8220;Fade In&#8220; hover_animation=&#8220;none&#8220; alignment=&#8220;&#8220; border_radius=&#8220;none&#8220; box_shadow=&#8220;none&#8220; image_loading=&#8220;default&#8220; max_width=&#8220;100%&#8220; max_width_mobile=&#8220;default&#8220;][\/vc_column][\/vc_row][vc_row type=&#8220;full_width_background&#8220; full_screen_row_position=&#8220;middle&#8220; column_margin=&#8220;default&#8220; column_direction=&#8220;default&#8220; column_direction_tablet=&#8220;default&#8220; column_direction_phone=&#8220;default&#8220; scene_position=&#8220;center&#8220; top_padding=&#8220;0%&#8220; bottom_padding=&#8220;4%&#8220; text_color=&#8220;dark&#8220; text_align=&#8220;left&#8220; row_border_radius=&#8220;none&#8220; row_border_radius_applies=&#8220;bg&#8220; overflow=&#8220;visible&#8220; advanced_gradient_angle=&#8220;0&#8243; overlay_strength=&#8220;0.3&#8243; gradient_direction=&#8220;left_to_right&#8220; shape_divider_position=&#8220;bottom&#8220; bg_image_animation=&#8220;none&#8220; shape_type=&#8220;&#8220; gradient_type=&#8220;default&#8220;][vc_column column_padding=&#8220;no-extra-padding&#8220; column_padding_tablet=&#8220;inherit&#8220; column_padding_phone=&#8220;inherit&#8220; column_padding_position=&#8220;all&#8220; column_element_spacing=&#8220;default&#8220; background_color_opacity=&#8220;1&#8243; background_hover_color_opacity=&#8220;1&#8243; column_shadow=&#8220;none&#8220; column_border_radius=&#8220;none&#8220; column_link_target=&#8220;_self&#8220; column_position=&#8220;default&#8220; gradient_direction=&#8220;left_to_right&#8220; overlay_strength=&#8220;0.3&#8243; width=&#8220;2\/3&#8243; tablet_width_inherit=&#8220;default&#8220; tablet_text_alignment=&#8220;default&#8220; phone_text_alignment=&#8220;default&#8220; animation_type=&#8220;default&#8220; bg_image_animation=&#8220;none&#8220; border_type=&#8220;simple&#8220; column_border_width=&#8220;none&#8220; column_border_style=&#8220;solid&#8220;][image_with_animation image_url=&#8220;1142&#8243; image_size=&#8220;full&#8220; animation_type=&#8220;entrance&#8220; animation=&#8220;Fade In&#8220; hover_animation=&#8220;none&#8220; alignment=&#8220;&#8220; img_link_target=&#8220;_blank&#8220; border_radius=&#8220;none&#8220; box_shadow=&#8220;none&#8220; image_loading=&#8220;default&#8220; max_width=&#8220;100%&#8220; max_width_mobile=&#8220;default&#8220; img_link=&#8220;https:\/\/www.acpd.cz\/&#8220;][\/vc_column][vc_column column_padding=&#8220;no-extra-padding&#8220; column_padding_tablet=&#8220;inherit&#8220; column_padding_phone=&#8220;inherit&#8220; column_padding_position=&#8220;all&#8220; column_element_spacing=&#8220;default&#8220; background_color_opacity=&#8220;1&#8243; background_hover_color_opacity=&#8220;1&#8243; column_shadow=&#8220;none&#8220; column_border_radius=&#8220;none&#8220; column_link_target=&#8220;_self&#8220; column_position=&#8220;default&#8220; gradient_direction=&#8220;left_to_right&#8220; overlay_strength=&#8220;0.3&#8243; width=&#8220;1\/3&#8243; tablet_width_inherit=&#8220;default&#8220; tablet_text_alignment=&#8220;default&#8220; phone_text_alignment=&#8220;default&#8220; animation_type=&#8220;default&#8220; bg_image_animation=&#8220;none&#8220; border_type=&#8220;simple&#8220; column_border_width=&#8220;none&#8220; column_border_style=&#8220;solid&#8220;][vc_custom_heading text=&#8220;WIR SIND MITGLIEDER DER A\u010cPD&#8220; font_container=&#8220;tag:h2|text_align:left|color:%23444444&#8243; use_theme_fonts=&#8220;yes&#8220;][vc_column_text]\n<p style=\"font-weight: 400;\">Im Mai 2023 wurden wir stolze Mitglieder des Verbands f\u00fcr tschechisches Industriedesign (Asociace \u010cesk\u00e9ho pr\u016fmyslov\u00e9ho designu, A\u010cPD).<\/p>\n<p style=\"font-weight: 400;\">Derzeit geh\u00f6ren dem Verband insgesamt 25 f\u00fchrende Unternehmen an, die auf dem Gebiet des Industriedesigns in der Tschechischen Republik t\u00e4tig sind.<\/p>\n<p style=\"font-weight: 400;\">Der Verband wurde im Juli 2020 mit dem Ziel gegr\u00fcndet, Design zu unterst\u00fctzen und zu f\u00f6rdern, mit staatlichen und Bildungseinrichtungen zusammenzuarbeiten, geistiges Eigentum zu sch\u00fctzen, die Zusammenarbeit zwischen den Mitgliedern zu f\u00f6rdern und das allgemeine Bewusstsein f\u00fcr Design in der \u00d6ffentlichkeit zu erh\u00f6hen.<\/p>\n<p style=\"font-weight: 400;\">Der Verband wird das Industriedesign als untrennbaren Bestandteil der Innovation und als Instrument der Wettbewerbsf\u00e4higkeit f\u00f6rdern, eine engere Zusammenarbeit mit staatlichen und Bildungseinrichtungen anstreben und die Interessen und Rechte am geistigen Eigentum seiner Mitglieder verteidigen. Der Verband wird f\u00fcr das Industriedesign in der breiten \u00d6ffentlichkeit Werbung machen und so den Stolz auf die tschechischen Hersteller wiederherstellen.<\/p>\n[\/vc_column_text][\/vc_column][\/vc_row]\n","protected":false},"excerpt":{"rendered":"<p>[vc_row type=&#8220;full_width_background&#8220; full_screen_row_position=&#8220;middle&#8220; column_margin=&#8220;default&#8220; column_direction=&#8220;default&#8220; column_direction_tablet=&#8220;default&#8220; column_direction_phone=&#8220;default&#8220; scene_position=&#8220;center&#8220; top_padding=&#8220;0%&#8220; bottom_padding=&#8220;2%&#8220; text_color=&#8220;dark&#8220; text_align=&#8220;left&#8220; row_border_radius=&#8220;none&#8220; row_border_radius_applies=&#8220;bg&#8220; overflow=&#8220;visible&#8220; overlay_strength=&#8220;0.3&#8243; gradient_direction=&#8220;left_to_right&#8220; shape_divider_position=&#8220;bottom&#8220; bg_image_animation=&#8220;none&#8220; shape_type=&#8220;&#8220;][vc_column column_padding=&#8220;no-extra-padding&#8220; column_padding_tablet=&#8220;inherit&#8220; column_padding_phone=&#8220;inherit&#8220; column_padding_position=&#8220;all&#8220; column_element_spacing=&#8220;default&#8220; background_color_opacity=&#8220;1&#8243; background_hover_color_opacity=&#8220;1&#8243; column_shadow=&#8220;none&#8220; column_border_radius=&#8220;none&#8220; column_link_target=&#8220;_self&#8220;&#8230;<\/p>\n","protected":false},"author":1,"featured_media":0,"parent":0,"menu_order":0,"comment_status":"closed","ping_status":"closed","template":"","meta":{"footnotes":""},"class_list":["post-2212","page","type-page","status-publish"],"_links":{"self":[{"href":"https:\/\/lockers.cz\/de\/wp-json\/wp\/v2\/pages\/2212","targetHints":{"allow":["GET"]}}],"collection":[{"href":"https:\/\/lockers.cz\/de\/wp-json\/wp\/v2\/pages"}],"about":[{"href":"https:\/\/lockers.cz\/de\/wp-json\/wp\/v2\/types\/page"}],"author":[{"embeddable":true,"href":"https:\/\/lockers.cz\/de\/wp-json\/wp\/v2\/users\/1"}],"replies":[{"embeddable":true,"href":"https:\/\/lockers.cz\/de\/wp-json\/wp\/v2\/comments?post=2212"}],"version-history":[{"count":5,"href":"https:\/\/lockers.cz\/de\/wp-json\/wp\/v2\/pages\/2212\/revisions"}],"predecessor-version":[{"id":2285,"href":"https:\/\/lockers.cz\/de\/wp-json\/wp\/v2\/pages\/2212\/revisions\/2285"}],"wp:attachment":[{"href":"https:\/\/lockers.cz\/de\/wp-json\/wp\/v2\/media?parent=2212"}],"curies":[{"name":"wp","href":"https:\/\/api.w.org\/{rel}","templated":true}]}}